{"id":982,"date":"2024-08-02T16:18:55","date_gmt":"2024-08-02T16:18:55","guid":{"rendered":"https:\/\/192.168.1.207\/wordpress\/?page_id=982"},"modified":"2025-05-23T11:17:35","modified_gmt":"2025-05-23T09:17:35","slug":"details","status":"publish","type":"page","link":"https:\/\/bodbod.dscloud.biz\/wordpress\/details\/","title":{"rendered":"D\u00e9tails"},"content":{"rendered":"\n<h2 class=\"wp-block-heading\">Liste de Mariage<\/h2>\n\n\n\n<div class=\"wp-block-uagb-container uagb-block-f210ce55 alignfull uagb-is-root-container\"><div class=\"uagb-container-inner-blocks-wrap\">\n<p>\u00c9tant donn\u00e9 que nous n&rsquo;avons plus 20 ans et que nous sommes d\u00e9j\u00e0 install\u00e9s, nous ne voyons pas vraiment l&rsquo;utilit\u00e9 d&rsquo;une liste de mariage, mais si vous voulez participer au voyage de noces, vous pouvez le faire de diff\u00e9rentes mani\u00e8res comme ci-dessous, merci par avance :<\/p>\n<\/div><\/div>\n\n\n\n<div class=\"wp-block-uagb-container uagb-block-fb5c65aa alignfull uagb-is-root-container\"><div class=\"uagb-container-inner-blocks-wrap\">\n<div class=\"wp-block-uagb-container uagb-block-a5efd101\">\n<h3 class=\"wp-block-heading has-text-align-center\"><strong>Par Ch\u00e8que ou Cash<\/strong><\/h3>\n\n\n\n<p class=\"has-text-align-center\">Vous trouverez une bo\u00eete pour y glisser votre enveloppe dans la cagnotte des mari\u00e9s. Si vous optez pour le ch\u00e8que, merci de le faire \u00e0 l&rsquo;ordre de Guillaume Bodiguel<\/p>\n\n\n\n<hr class=\"wp-block-separator has-alpha-channel-opacity\"\/>\n<\/div>\n\n\n\n<div class=\"wp-block-uagb-container uagb-block-7e372ebf\">\n<h3 class=\"wp-block-heading has-text-align-center\">Par Virement<\/h3>\n\n\n\n<p class=\"has-text-align-center\">IBAN : ES18 2100 0900 9302 1205 7783<\/p>\n\n\n\n<p class=\"has-text-align-center\">BIC : CAIXESBBXXX                                <\/p>\n\n\n\n<hr class=\"wp-block-separator has-alpha-channel-opacity\"\/>\n<\/div>\n\n\n\n<div class=\"wp-block-uagb-container uagb-block-4ab878eb\">\n<h3 class=\"wp-block-heading has-text-align-center\">Par Bizum<\/h3>\n\n\n\n<p class=\"has-text-align-center\">Pour les espagnols, un Bizum est tellement + simple&#8230;<\/p>\n\n\n\n<p><\/p>\n\n\n\n<hr class=\"wp-block-separator has-alpha-channel-opacity\"\/>\n<\/div>\n<\/div><\/div>\n\n\n\n<p><\/p>\n\n\n\n<h2 class=\"wp-block-heading\">Vos Photos<\/h2>\n\n\n\n<div class=\"wp-block-uagb-container uagb-block-999c0ba8 alignfull uagb-is-root-container\"><div class=\"uagb-container-inner-blocks-wrap\">\n<p>Lors du mariage, vous allez certainement faire quelques photos, si vous souhaitez les partager avec nous rapidement et de fa\u00e7on simplifi\u00e9e, veuillez t\u00e9l\u00e9charger l&rsquo;application suivante (we<strong>d<\/strong>shoots) et suivre les instructions :<\/p>\n<\/div><\/div>\n\n\n\n<div class=\"wp-block-uagb-container uagb-block-2bce12a3 alignfull uagb-is-root-container\"><div class=\"uagb-container-inner-blocks-wrap\">\n<div class=\"wp-block-uagb-container uagb-block-42b159af\">\n<figure class=\"wp-block-image size-full\"><a href=\"https:\/\/www.wedshoots.com\/fr\" target=\"_blank\" rel=\"noreferrer noopener\"><img loading=\"lazy\" decoding=\"async\" width=\"411\" height=\"321\" src=\"https:\/\/192.168.1.207\/wordpress\/wp-content\/uploads\/2024\/08\/image-9.png\" alt=\"\" class=\"wp-image-989\" srcset=\"https:\/\/bodbod.dscloud.biz\/wordpress\/wp-content\/uploads\/2024\/08\/image-9.png 411w, https:\/\/bodbod.dscloud.biz\/wordpress\/wp-content\/uploads\/2024\/08\/image-9-300x234.png 300w\" sizes=\"auto, (max-width: 411px) 100vw, 411px\" \/><\/a><\/figure>\n<\/div>\n\n\n\n<div class=\"wp-block-uagb-container uagb-block-fe759c82\">\n<div class=\"wp-block-uagb-container uagb-block-23d6f738\">\n<p class=\"has-text-align-left\">Une fois l&rsquo;application \u00ab\u00a0wedsoots\u00a0\u00bb install\u00e9e, il suffit de l&rsquo;ouvrir et de rentrer le code suivant pour arriver sur l&rsquo;album partag\u00e9 de notre mariage : <strong>UK4f10ecee<\/strong><\/p>\n\n\n\n<figure class=\"wp-block-image aligncenter size-full is-resized\"><img loading=\"lazy\" decoding=\"async\" width=\"616\" height=\"778\" src=\"https:\/\/192.168.1.207\/wordpress\/wp-content\/uploads\/2024\/08\/image-10.png\" alt=\"\" class=\"wp-image-990\" style=\"width:192px;height:auto\" srcset=\"https:\/\/bodbod.dscloud.biz\/wordpress\/wp-content\/uploads\/2024\/08\/image-10.png 616w, https:\/\/bodbod.dscloud.biz\/wordpress\/wp-content\/uploads\/2024\/08\/image-10-238x300.png 238w\" sizes=\"auto, (max-width: 616px) 100vw, 616px\" \/><\/figure>\n<\/div>\n<\/div>\n<\/div><\/div>\n","protected":false},"excerpt":{"rendered":"<p>Liste de Mariage \u00c9tant donn\u00e9 que nous n&rsquo;avons plus 20 ans et que nous sommes d\u00e9j\u00e0 install\u00e9s, nous ne voyons pas vraiment l&rsquo;utilit\u00e9 d&rsquo;une liste de mariage, mais si vous voulez participer au voyage de noces, vous pouvez le faire de diff\u00e9rentes mani\u00e8res comme ci-dessous, merci par avance : Par Ch\u00e8que ou Cash Vous trouverez [&hellip;]<\/p>\n","protected":false},"author":1,"featured_media":0,"parent":0,"menu_order":0,"comment_status":"closed","ping_status":"closed","template":"","meta":{"_uag_custom_page_level_css":"","site-sidebar-layout":"default","site-content-layout":"","ast-site-content-layout":"default","site-content-style":"default","site-sidebar-style":"default","ast-global-header-display":"","ast-banner-title-visibility":"","ast-main-header-display":"","ast-hfb-above-header-display":"","ast-hfb-below-header-display":"","ast-hfb-mobile-header-display":"","site-post-title":"","ast-breadcrumbs-content":"","ast-featured-img":"","footer-sml-layout":"","theme-transparent-header-meta":"","adv-header-id-meta":"","stick-header-meta":"","header-above-stick-meta":"","header-main-stick-meta":"","header-below-stick-meta":"","astra-migrate-meta-layouts":"set","ast-page-background-enabled":"default","ast-page-background-meta":{"desktop":{"background-color":"var(--ast-global-color-4)","background-image":"","background-repeat":"repeat","background-position":"center center","background-size":"auto","background-attachment":"scroll","background-type":"","background-media":"","overlay-type":"","overlay-color":"","overlay-opacity":"","overlay-gradient":""},"tablet":{"background-color":"","background-image":"","background-repeat":"repeat","background-position":"center center","background-size":"auto","background-attachment":"scroll","background-type":"","background-media":"","overlay-type":"","overlay-color":"","overlay-opacity":"","overlay-gradient":""},"mobile":{"background-color":"","background-image":"","background-repeat":"repeat","background-position":"center center","background-size":"auto","background-attachment":"scroll","background-type":"","background-media":"","overlay-type":"","overlay-color":"","overlay-opacity":"","overlay-gradient":""}},"ast-content-background-meta":{"desktop":{"background-color":"var(--ast-global-color-5)","background-image":"","background-repeat":"repeat","background-position":"center center","background-size":"auto","background-attachment":"scroll","background-type":"","background-media":"","overlay-type":"","overlay-color":"","overlay-opacity":"","overlay-gradient":""},"tablet":{"background-color":"var(--ast-global-color-5)","background-image":"","background-repeat":"repeat","background-position":"center center","background-size":"auto","background-attachment":"scroll","background-type":"","background-media":"","overlay-type":"","overlay-color":"","overlay-opacity":"","overlay-gradient":""},"mobile":{"background-color":"var(--ast-global-color-5)","background-image":"","background-repeat":"repeat","background-position":"center center","background-size":"auto","background-attachment":"scroll","background-type":"","background-media":"","overlay-type":"","overlay-color":"","overlay-opacity":"","overlay-gradient":""}},"footnotes":""},"class_list":["post-982","page","type-page","status-publish","hentry"],"aioseo_notices":[],"uagb_featured_image_src":{"full":false,"thumbnail":false,"medium":false,"medium_large":false,"large":false,"1536x1536":false,"2048x2048":false,"menu-thumb":false},"uagb_author_info":{"display_name":"josepclave@outlook.com","author_link":"https:\/\/bodbod.dscloud.biz\/wordpress\/author\/josepclaveoutlook-com\/"},"uagb_comment_info":0,"uagb_excerpt":"Liste de Mariage \u00c9tant donn\u00e9 que nous n&rsquo;avons plus 20 ans et que nous sommes d\u00e9j\u00e0 install\u00e9s, nous ne voyons pas vraiment l&rsquo;utilit\u00e9 d&rsquo;une liste de mariage, mais si vous voulez participer au voyage de noces, vous pouvez le faire de diff\u00e9rentes mani\u00e8res comme ci-dessous, merci par avance : Par Ch\u00e8que ou Cash Vous trouverez\u2026","_links":{"self":[{"href":"https:\/\/bodbod.dscloud.biz\/wordpress\/wp-json\/wp\/v2\/pages\/982","targetHints":{"allow":["GET"]}}],"collection":[{"href":"https:\/\/bodbod.dscloud.biz\/wordpress\/wp-json\/wp\/v2\/pages"}],"about":[{"href":"https:\/\/bodbod.dscloud.biz\/wordpress\/wp-json\/wp\/v2\/types\/page"}],"author":[{"embeddable":true,"href":"https:\/\/bodbod.dscloud.biz\/wordpress\/wp-json\/wp\/v2\/users\/1"}],"replies":[{"embeddable":true,"href":"https:\/\/bodbod.dscloud.biz\/wordpress\/wp-json\/wp\/v2\/comments?post=982"}],"version-history":[{"count":13,"href":"https:\/\/bodbod.dscloud.biz\/wordpress\/wp-json\/wp\/v2\/pages\/982\/revisions"}],"predecessor-version":[{"id":1137,"href":"https:\/\/bodbod.dscloud.biz\/wordpress\/wp-json\/wp\/v2\/pages\/982\/revisions\/1137"}],"wp:attachment":[{"href":"https:\/\/bodbod.dscloud.biz\/wordpress\/wp-json\/wp\/v2\/media?parent=982"}],"curies":[{"name":"wp","href":"https:\/\/api.w.org\/{rel}","templated":true}]}}