{"id":773,"date":"2024-07-30T14:21:54","date_gmt":"2024-07-30T14:21:54","guid":{"rendered":"https:\/\/192.168.1.207\/wordpress\/?page_id=773"},"modified":"2024-11-07T13:57:52","modified_gmt":"2024-11-07T11:57:52","slug":"hebergement","status":"publish","type":"page","link":"https:\/\/bodbod.dscloud.biz\/wordpress\/hebergement\/","title":{"rendered":"H\u00e9bergement"},"content":{"rendered":"\n<p>Concernant le logement, vous avez plusieurs options en fonction des budgets de chacun, nous avons fait une pr\u00e9s\u00e9lection pour \u00eatre au plus proche de l&rsquo;\u00e9v\u00e9nement.<\/p>\n\n\n\n<p>Pour information, les r\u00e9servations avec les nouveaux tarifs 2025 sont en g\u00e9n\u00e9ral disponibles apr\u00e8s septembre, pas avant.<\/p>\n\n\n\n<p><strong>H\u00f4tels:<\/strong><\/p>\n\n\n\n<p>Voici une liste d&rsquo;h\u00f4tels sur Altafulla, cependant il y a beaucoup d&rsquo;autres choix disponibles si vous souhaitez sur les communes adjacentes ou m\u00eame Tarragona :<\/p>\n\n\n\n<ul class=\"wp-block-list\">\n<li><a href=\"https:\/\/www.mayboutiquehotel.com\/en\/\" target=\"_blank\" rel=\"noopener\" title=\"\">May Altafulla Beach Boutique Hotel<\/a> ****<\/li>\n\n\n\n<li><a href=\"https:\/\/www.altafullamarhotel.com\/fr\/\" target=\"_blank\" rel=\"noopener\" title=\"\">Altafulla Mar Hotel<\/a> (le n\u00f4tre) ****   &#8211;  Code de R\u00e9duction (-5%) \u00e0 utiliser sur <strong>leur<\/strong> site web : <strong><mark style=\"background-color:rgba(0, 0, 0, 0)\" class=\"has-inline-color has-ast-global-color-1-color\">NEGU25<\/mark><\/strong>  (ne marche pas via un interm\u00e9diaire comme booking&#8230;)<\/li>\n\n\n\n<li><a href=\"https:\/\/granclaustre.com\/fr\/\" target=\"_blank\" rel=\"noopener\" title=\"\">Hotel Gran Claustre<\/a> ****<\/li>\n\n\n\n<li><a href=\"https:\/\/hotelyola.com\/en\/\" target=\"_blank\" rel=\"noopener\" title=\"\">Hotel Yola<\/a> **<\/li>\n\n\n\n<li>Hotel La Torreta **<\/li>\n<\/ul>\n\n\n\n<div class=\"wp-block-uagb-container uagb-block-808b0120 alignwide uagb-is-root-container\">\n<div class=\"wp-block-uagb-container uagb-block-0f43baf5\">\n<figure class=\"wp-block-image size-full has-custom-border is-style-rounded\"><a href=\"https:\/\/www.mayboutiquehotel.com\/en\/\" target=\"_blank\" rel=\"noreferrer noopener\"><img loading=\"lazy\" decoding=\"async\" width=\"526\" height=\"340\" src=\"https:\/\/192.168.1.207\/wordpress\/wp-content\/uploads\/2024\/08\/May-Altafulla-Beach-Boutique-Hotel.png\" alt=\"May Altafulla Beach Boutique Hotel\" class=\"wp-image-871\" style=\"border-radius:20px\" srcset=\"https:\/\/bodbod.dscloud.biz\/wordpress\/wp-content\/uploads\/2024\/08\/May-Altafulla-Beach-Boutique-Hotel.png 526w, https:\/\/bodbod.dscloud.biz\/wordpress\/wp-content\/uploads\/2024\/08\/May-Altafulla-Beach-Boutique-Hotel-300x194.png 300w\" sizes=\"auto, (max-width: 526px) 100vw, 526px\" \/><\/a><\/figure>\n<\/div>\n\n\n\n<div class=\"wp-block-uagb-container uagb-block-750136e3\">\n<figure class=\"wp-block-image size-full has-custom-border is-style-rounded\"><a href=\"https:\/\/www.altafullamarhotel.com\/fr\/\" target=\"_blank\" rel=\"noreferrer noopener\"><img loading=\"lazy\" decoding=\"async\" width=\"647\" height=\"407\" src=\"https:\/\/192.168.1.207\/wordpress\/wp-content\/uploads\/2024\/08\/Altafulla-Mar-Hotel.png\" alt=\"Altafulla Mar Hotel\" class=\"wp-image-869\" style=\"border-radius:20px\" srcset=\"https:\/\/bodbod.dscloud.biz\/wordpress\/wp-content\/uploads\/2024\/08\/Altafulla-Mar-Hotel.png 647w, https:\/\/bodbod.dscloud.biz\/wordpress\/wp-content\/uploads\/2024\/08\/Altafulla-Mar-Hotel-300x189.png 300w\" sizes=\"auto, (max-width: 647px) 100vw, 647px\" \/><\/a><\/figure>\n<\/div>\n\n\n\n<div class=\"wp-block-uagb-container uagb-block-bdf535c6\">\n<figure class=\"wp-block-image size-full has-custom-border is-style-rounded\"><a href=\"https:\/\/granclaustre.com\/fr\/\" target=\"_blank\" rel=\"noreferrer noopener\"><img loading=\"lazy\" decoding=\"async\" width=\"717\" height=\"458\" src=\"https:\/\/192.168.1.207\/wordpress\/wp-content\/uploads\/2024\/08\/hotel-grand-claustre.png\" alt=\"Hotel Gran Claustre\" class=\"wp-image-887\" style=\"border-radius:20px\" srcset=\"https:\/\/bodbod.dscloud.biz\/wordpress\/wp-content\/uploads\/2024\/08\/hotel-grand-claustre.png 717w, https:\/\/bodbod.dscloud.biz\/wordpress\/wp-content\/uploads\/2024\/08\/hotel-grand-claustre-300x192.png 300w\" sizes=\"auto, (max-width: 717px) 100vw, 717px\" \/><\/a><\/figure>\n<\/div>\n\n\n\n<div class=\"wp-block-uagb-container uagb-block-7e41d56a\">\n<figure class=\"wp-block-image size-full has-custom-border is-style-rounded wp-duotone-unset-1\"><a href=\"https:\/\/hotelyola.com\/en\/\" target=\"_blank\" rel=\"noreferrer noopener\"><img loading=\"lazy\" decoding=\"async\" width=\"694\" height=\"453\" src=\"https:\/\/192.168.1.207\/wordpress\/wp-content\/uploads\/2024\/08\/image-5.png\" alt=\"Hotel Yola\" class=\"wp-image-956\" style=\"border-style:none;border-width:0px;border-radius:20px\" srcset=\"https:\/\/bodbod.dscloud.biz\/wordpress\/wp-content\/uploads\/2024\/08\/image-5.png 694w, https:\/\/bodbod.dscloud.biz\/wordpress\/wp-content\/uploads\/2024\/08\/image-5-300x196.png 300w\" sizes=\"auto, (max-width: 694px) 100vw, 694px\" \/><\/a><\/figure>\n<\/div>\n<\/div>\n\n\n\n<hr class=\"wp-block-separator has-alpha-channel-opacity\"\/>\n\n\n\n<p><strong>Camping :<\/strong><\/p>\n\n\n\n<ul class=\"wp-block-list\">\n<li><a href=\"https:\/\/campingses.com\/camping\/camping-caledonia\" target=\"_blank\" rel=\"noopener\" title=\"Camping Caledonia\">Camping Caledonia<\/a> (\u00e0 30min \u00e0 pied du Castillo de Tamarit, 9min en voiture)<\/li>\n\n\n\n<li><a href=\"https:\/\/www.campingtrillas.com\/?lang=fr\" target=\"_blank\" rel=\"noopener\" title=\"\">Camping Trillas Spa Tamarit<\/a> (\u00e0 5-10 min \u00e0 pied du Castillo de Tamarit).<\/li>\n\n\n\n<li><a href=\"https:\/\/www.tamarit.com\/fr\/\" target=\"_blank\" rel=\"noopener\" title=\"\">Tamarit Beach Resort<\/a> (\u00e0 5-10 min \u00e0 pied du Castillo de Tamarit).<\/li>\n<\/ul>\n\n\n\n<div class=\"wp-block-uagb-container uagb-block-6b439fd4 alignwide uagb-is-root-container\">\n<div class=\"wp-block-uagb-container uagb-block-a6380649\">\n<figure class=\"wp-block-image size-full is-resized has-custom-border is-style-rounded\"><a href=\"https:\/\/www.campingtrillas.com\/?lang=fr\" target=\"_blank\" rel=\"noreferrer noopener\"><img loading=\"lazy\" decoding=\"async\" width=\"632\" height=\"343\" src=\"https:\/\/192.168.1.207\/wordpress\/wp-content\/uploads\/2024\/08\/image-6.png\" alt=\"\" class=\"wp-image-957\" style=\"border-radius:20px;width:281px;height:auto\" srcset=\"https:\/\/bodbod.dscloud.biz\/wordpress\/wp-content\/uploads\/2024\/08\/image-6.png 632w, https:\/\/bodbod.dscloud.biz\/wordpress\/wp-content\/uploads\/2024\/08\/image-6-300x163.png 300w\" sizes=\"auto, (max-width: 632px) 100vw, 632px\" \/><\/a><\/figure>\n<\/div>\n\n\n\n<div class=\"wp-block-uagb-container uagb-block-edd8c8e8\">\n<figure class=\"wp-block-image size-full is-resized has-custom-border is-style-rounded\"><a href=\"https:\/\/www.campingtrillas.com\/?lang=fr\" target=\"_blank\" rel=\"noreferrer noopener\"><img loading=\"lazy\" decoding=\"async\" width=\"720\" height=\"492\" src=\"https:\/\/192.168.1.207\/wordpress\/wp-content\/uploads\/2024\/08\/image-7.png\" alt=\"\" class=\"wp-image-958\" style=\"border-radius:20px;width:240px;height:auto\" srcset=\"https:\/\/bodbod.dscloud.biz\/wordpress\/wp-content\/uploads\/2024\/08\/image-7.png 720w, https:\/\/bodbod.dscloud.biz\/wordpress\/wp-content\/uploads\/2024\/08\/image-7-300x205.png 300w\" sizes=\"auto, (max-width: 720px) 100vw, 720px\" \/><\/a><\/figure>\n<\/div>\n\n\n\n<div class=\"wp-block-uagb-container uagb-block-b91106ea\">\n<figure class=\"wp-block-image size-full is-resized has-custom-border is-style-rounded\"><a href=\"https:\/\/www.tamarit.com\/fr\/\" target=\"_blank\" rel=\"noreferrer noopener\"><img loading=\"lazy\" decoding=\"async\" width=\"641\" height=\"415\" src=\"https:\/\/192.168.1.207\/wordpress\/wp-content\/uploads\/2024\/08\/image-8.png\" alt=\"\" class=\"wp-image-959\" style=\"border-radius:20px;width:255px;height:auto\" srcset=\"https:\/\/bodbod.dscloud.biz\/wordpress\/wp-content\/uploads\/2024\/08\/image-8.png 641w, https:\/\/bodbod.dscloud.biz\/wordpress\/wp-content\/uploads\/2024\/08\/image-8-300x194.png 300w\" sizes=\"auto, (max-width: 641px) 100vw, 641px\" \/><\/a><\/figure>\n<\/div>\n\n\n\n<div class=\"wp-block-uagb-container uagb-block-c704fd47\">\n<figure class=\"wp-block-image size-full is-resized has-custom-border is-style-rounded\"><a href=\"https:\/\/www.tamarit.com\/fr\/\" target=\"_blank\" rel=\"noreferrer noopener\"><img loading=\"lazy\" decoding=\"async\" width=\"620\" height=\"427\" src=\"https:\/\/192.168.1.207\/wordpress\/wp-content\/uploads\/2024\/08\/Tamarit-Beach-Resort.png\" alt=\"\" class=\"wp-image-870\" style=\"border-radius:20px;width:241px;height:auto\" srcset=\"https:\/\/bodbod.dscloud.biz\/wordpress\/wp-content\/uploads\/2024\/08\/Tamarit-Beach-Resort.png 620w, https:\/\/bodbod.dscloud.biz\/wordpress\/wp-content\/uploads\/2024\/08\/Tamarit-Beach-Resort-300x207.png 300w\" sizes=\"auto, (max-width: 620px) 100vw, 620px\" \/><\/a><\/figure>\n<\/div>\n<\/div>\n\n\n\n<hr class=\"wp-block-separator has-alpha-channel-opacity\"\/>\n\n\n\n<p><strong>AirBnB, Booking &amp; Co :<\/strong><\/p>\n\n\n\n<p>Sinon, vous avez les options classiques pour r\u00e9server un logement particulier :<\/p>\n\n\n\n<div class=\"wp-block-columns is-layout-flex wp-container-core-columns-is-layout-28f84493 wp-block-columns-is-layout-flex\">\n<div class=\"wp-block-column is-layout-flow wp-block-column-is-layout-flow\">\n<figure class=\"wp-block-image aligncenter size-full has-custom-border is-style-rounded\"><a href=\"https:\/\/www.airbnb.fr\/?_set_bev_on_new_domain=1722868054_EAMmNiNzkyMDBmYT\" target=\"_blank\" rel=\"noreferrer noopener\"><img loading=\"lazy\" decoding=\"async\" width=\"152\" height=\"60\" src=\"https:\/\/192.168.1.207\/wordpress\/wp-content\/uploads\/2024\/08\/image.png\" alt=\"\" class=\"wp-image-873\" style=\"border-radius:20px\" srcset=\"https:\/\/bodbod.dscloud.biz\/wordpress\/wp-content\/uploads\/2024\/08\/image.png 152w, https:\/\/bodbod.dscloud.biz\/wordpress\/wp-content\/uploads\/2024\/08\/image-150x60.png 150w\" sizes=\"auto, (max-width: 152px) 100vw, 152px\" \/><\/a><\/figure>\n<\/div>\n\n\n\n<div class=\"wp-block-column is-layout-flow wp-block-column-is-layout-flow\">\n<figure class=\"wp-block-image aligncenter size-full has-custom-border is-style-rounded\"><a href=\"https:\/\/www.booking.com\/\" target=\"_blank\" rel=\"noreferrer noopener\"><img loading=\"lazy\" decoding=\"async\" width=\"179\" height=\"57\" src=\"https:\/\/192.168.1.207\/wordpress\/wp-content\/uploads\/2024\/08\/image-1.png\" alt=\"\" class=\"wp-image-874\" style=\"border-radius:20px\"\/><\/a><\/figure>\n<\/div>\n\n\n\n<div class=\"wp-block-column is-layout-flow wp-block-column-is-layout-flow\">\n<figure class=\"wp-block-image aligncenter size-large is-resized has-custom-border is-style-rounded\"><a href=\"https:\/\/www.trivago.fr\/en-US?rl=en-US&amp;first_visit=1\" target=\"_blank\" rel=\"noreferrer noopener\"><img decoding=\"async\" src=\"https:\/\/1000logos.net\/wp-content\/uploads\/2020\/09\/Trivago-Logo.png\" alt=\"\" style=\"border-radius:20px;width:110px\"\/><\/a><\/figure>\n<\/div>\n<\/div>\n\n\n\n<hr class=\"wp-block-separator has-alpha-channel-opacity\"\/>\n","protected":false},"excerpt":{"rendered":"<p>Concernant le logement, vous avez plusieurs options en fonction des budgets de chacun, nous avons fait une pr\u00e9s\u00e9lection pour \u00eatre au plus proche de l&rsquo;\u00e9v\u00e9nement. Pour information, les r\u00e9servations avec les nouveaux tarifs 2025 sont en g\u00e9n\u00e9ral disponibles apr\u00e8s septembre, pas avant. H\u00f4tels: Voici une liste d&rsquo;h\u00f4tels sur Altafulla, cependant il y a beaucoup d&rsquo;autres [&hellip;]<\/p>\n","protected":false},"author":1,"featured_media":0,"parent":0,"menu_order":3,"comment_status":"closed","ping_status":"closed","template":"","meta":{"_uag_custom_page_level_css":"","site-sidebar-layout":"default","site-content-layout":"","ast-site-content-layout":"default","site-content-style":"default","site-sidebar-style":"default","ast-global-header-display":"","ast-banner-title-visibility":"","ast-main-header-display":"","ast-hfb-above-header-display":"","ast-hfb-below-header-display":"","ast-hfb-mobile-header-display":"","site-post-title":"","ast-breadcrumbs-content":"","ast-featured-img":"","footer-sml-layout":"","theme-transparent-header-meta":"","adv-header-id-meta":"","stick-header-meta":"","header-above-stick-meta":"","header-main-stick-meta":"","header-below-stick-meta":"","astra-migrate-meta-layouts":"set","ast-page-background-enabled":"default","ast-page-background-meta":{"desktop":{"background-color":"var(--ast-global-color-4)","background-image":"","background-repeat":"repeat","background-position":"center center","background-size":"auto","background-attachment":"scroll","background-type":"","background-media":"","overlay-type":"","overlay-color":"","overlay-opacity":"","overlay-gradient":""},"tablet":{"background-color":"","background-image":"","background-repeat":"repeat","background-position":"center center","background-size":"auto","background-attachment":"scroll","background-type":"","background-media":"","overlay-type":"","overlay-color":"","overlay-opacity":"","overlay-gradient":""},"mobile":{"background-color":"","background-image":"","background-repeat":"repeat","background-position":"center center","background-size":"auto","background-attachment":"scroll","background-type":"","background-media":"","overlay-type":"","overlay-color":"","overlay-opacity":"","overlay-gradient":""}},"ast-content-background-meta":{"desktop":{"background-color":"var(--ast-global-color-5)","background-image":"","background-repeat":"repeat","background-position":"center center","background-size":"auto","background-attachment":"scroll","background-type":"","background-media":"","overlay-type":"","overlay-color":"","overlay-opacity":"","overlay-gradient":""},"tablet":{"background-color":"var(--ast-global-color-5)","background-image":"","background-repeat":"repeat","background-position":"center center","background-size":"auto","background-attachment":"scroll","background-type":"","background-media":"","overlay-type":"","overlay-color":"","overlay-opacity":"","overlay-gradient":""},"mobile":{"background-color":"var(--ast-global-color-5)","background-image":"","background-repeat":"repeat","background-position":"center center","background-size":"auto","background-attachment":"scroll","background-type":"","background-media":"","overlay-type":"","overlay-color":"","overlay-opacity":"","overlay-gradient":""}},"footnotes":""},"class_list":["post-773","page","type-page","status-publish","hentry"],"aioseo_notices":[],"uagb_featured_image_src":{"full":false,"thumbnail":false,"medium":false,"medium_large":false,"large":false,"1536x1536":false,"2048x2048":false,"menu-thumb":false},"uagb_author_info":{"display_name":"josepclave@outlook.com","author_link":"https:\/\/bodbod.dscloud.biz\/wordpress\/author\/josepclaveoutlook-com\/"},"uagb_comment_info":0,"uagb_excerpt":"Concernant le logement, vous avez plusieurs options en fonction des budgets de chacun, nous avons fait une pr\u00e9s\u00e9lection pour \u00eatre au plus proche de l&rsquo;\u00e9v\u00e9nement. Pour information, les r\u00e9servations avec les nouveaux tarifs 2025 sont en g\u00e9n\u00e9ral disponibles apr\u00e8s septembre, pas avant. H\u00f4tels: Voici une liste d&rsquo;h\u00f4tels sur Altafulla, cependant il y a beaucoup d&rsquo;autres\u2026","_links":{"self":[{"href":"https:\/\/bodbod.dscloud.biz\/wordpress\/wp-json\/wp\/v2\/pages\/773","targetHints":{"allow":["GET"]}}],"collection":[{"href":"https:\/\/bodbod.dscloud.biz\/wordpress\/wp-json\/wp\/v2\/pages"}],"about":[{"href":"https:\/\/bodbod.dscloud.biz\/wordpress\/wp-json\/wp\/v2\/types\/page"}],"author":[{"embeddable":true,"href":"https:\/\/bodbod.dscloud.biz\/wordpress\/wp-json\/wp\/v2\/users\/1"}],"replies":[{"embeddable":true,"href":"https:\/\/bodbod.dscloud.biz\/wordpress\/wp-json\/wp\/v2\/comments?post=773"}],"version-history":[{"count":55,"href":"https:\/\/bodbod.dscloud.biz\/wordpress\/wp-json\/wp\/v2\/pages\/773\/revisions"}],"predecessor-version":[{"id":1121,"href":"https:\/\/bodbod.dscloud.biz\/wordpress\/wp-json\/wp\/v2\/pages\/773\/revisions\/1121"}],"wp:attachment":[{"href":"https:\/\/bodbod.dscloud.biz\/wordpress\/wp-json\/wp\/v2\/media?parent=773"}],"curies":[{"name":"wp","href":"https:\/\/api.w.org\/{rel}","templated":true}]}}