{"id":700,"date":"2024-07-29T14:47:51","date_gmt":"2024-07-29T14:47:51","guid":{"rendered":"https:\/\/192.168.1.207\/wordpress\/?page_id=700"},"modified":"2025-06-18T10:23:04","modified_gmt":"2025-06-18T08:23:04","slug":"transport","status":"publish","type":"page","link":"https:\/\/bodbod.dscloud.biz\/wordpress\/transport\/","title":{"rendered":"Transport"},"content":{"rendered":"\n<p>Le Castillo de Tamarit et sa chapelle (localis\u00e9s au m\u00eame endroit) se situent dans la commune d&rsquo;Altafulla (Costa Dorada), \u00e0 75 km de Barcelone.<\/p>\n\n\n\n<p>Plusieurs solutions s&rsquo;offrent \u00e0 vous pour venir nous rejoindre sur le lieu du mariage.<\/p>\n\n\n\n<figure class=\"wp-block-image size-full is-resized\"><img loading=\"lazy\" decoding=\"async\" width=\"648\" height=\"197\" src=\"https:\/\/192.168.1.207\/wordpress\/wp-content\/uploads\/2024\/07\/image.png\" alt=\"Carte Barcelona - Altafulla\" class=\"wp-image-701\" style=\"width:664px;height:auto\" srcset=\"https:\/\/bodbod.dscloud.biz\/wordpress\/wp-content\/uploads\/2024\/07\/image.png 648w, https:\/\/bodbod.dscloud.biz\/wordpress\/wp-content\/uploads\/2024\/07\/image-300x91.png 300w\" sizes=\"auto, (max-width: 648px) 100vw, 648px\" \/><\/figure>\n\n\n\n<p>Pour ceux ayant choisi l&rsquo;option de prendre l&rsquo;avion, vous avez 2 solutions en fonction des lignes disponibles de votre ville de d\u00e9part :<\/p>\n\n\n\n<ul class=\"wp-block-list\">\n<li><strong>A\u00e9roport de Barcelone<\/strong> (BCN) est \u00e0 75 km, soit 50 min en voiture.<\/li>\n\n\n\n<li><strong>A\u00e9roport de Reus<\/strong> (REU): celui-ci n&rsquo;est qu&rsquo;\u00e0 25 km de la commune d&rsquo;Altafulla, soit 18 min en voiture.<\/li>\n<\/ul>\n\n\n\n<p>Si vous ne le connaissez pas deja, voici un site pour trouver les meilleurs prix concernant les vols : <a href=\"https:\/\/www.skyscanner.fr\" target=\"_blank\" rel=\"noopener\" title=\"Skyscanner\"><strong><mark style=\"background-color:rgba(0, 0, 0, 0)\" class=\"has-inline-color has-ast-global-color-1-color\">skyscanner<\/mark><\/strong><\/a> ou encore <strong><a href=\"http:\/\/www.kayak.fr\" target=\"_blank\" rel=\"noopener\" title=\"kayak\"><mark style=\"background-color:rgba(0, 0, 0, 0)\" class=\"has-inline-color has-ast-global-color-1-color\">kayak<\/mark><\/a><\/strong>.<\/p>\n\n\n\n<figure class=\"wp-block-image size-large is-resized\"><img decoding=\"async\" src=\"https:\/\/mesto-barcelona.cz\/data\/uploads\/reus-airport.jpeg\" alt=\"\" style=\"width:663px;height:auto\"\/><\/figure>\n\n\n\n<p>De l&rsquo;a\u00e9roport de Barcelone (Parking Terminal 2), il est possible de prendre un bus pour arriver \u00e0 Altafulla-Tamarit, essayer ce site et r\u00e9servez en avance : <a href=\"https:\/\/www.checkmybus.fr\/\" target=\"_blank\" rel=\"noopener\" title=\"\"><mark style=\"background-color:rgba(0, 0, 0, 0)\" class=\"has-inline-color has-ast-global-color-1-color\"><strong>Bus \/ Car vers Altafulla<\/strong><\/mark><\/a> <\/p>\n\n\n\n<hr class=\"wp-block-separator has-alpha-channel-opacity\"\/>\n\n\n\n<p>Si vous n&rsquo;\u00eates pas motoris\u00e9s et d\u00e9j\u00e0 dans le centre-ville, il est \u00e9galement possible de prendre un train longeant la c\u00f4te \u00e0 partir de Barcelone, 2 points de d\u00e9parts sont disponibles \u00e0 partir du centre-ville :<\/p>\n\n\n\n<ul class=\"wp-block-list\">\n<li><strong>Gare de Sants<\/strong> (Estacio Barcelona Sants) : il s&rsquo;agit de la gare principale de Barcelone, assez fr\u00e9quent\u00e9e en g\u00e9n\u00e9ral, dur\u00e9e 1 h 05 min.<\/li>\n\n\n\n<li><strong>Gare de France<\/strong> (Estacio de Franca) : petite gare architecturalement sympathique situ\u00e9e \u00e0 c\u00f4t\u00e9 du Parc de la Citadelle et du Zoo, dur\u00e9e 1 h 20 min. Nous vous conseillons fortement cette derni\u00e8re si vous optez pour le train, car moins de monde, les acc\u00e8s aux voies simplifi\u00e9s et vous aurez plus de choix pour les places, le voyage est bien plaisant, en effet la voie ferr\u00e9e longe la mer jusqu&rsquo;\u00e0 votre destination.<\/li>\n<\/ul>\n\n\n\n<figure class=\"wp-block-image size-large\"><img decoding=\"async\" src=\"https:\/\/cdn02.visitbarcelona.com\/files\/5445-7523-Imagen\/estacion-tren-francia-barcelona-pf-c1.jpg\" alt=\"\"\/><\/figure>\n\n\n\n<p>Le nom de la gare de destination est la suivante : <strong>Altafulla-Tamarit<\/strong>, il faudra prendre un taxi peu cher par la suite. Les billets de train s&rsquo;ach\u00e8tent sur place ou en ligne sur le site de la <a href=\"https:\/\/www.renfe.com\/es\/fr\" target=\"_blank\" rel=\"noopener\" title=\"\"><mark style=\"background-color:rgba(0, 0, 0, 0)\" class=\"has-inline-color has-ast-global-color-1-color\"><strong>RENFE<\/strong><\/mark><\/a> (\u00e9quivalent de la SNCF, mais sans les gr\u00e8ves&#8230;)<\/p>\n\n\n\n<hr class=\"wp-block-separator has-alpha-channel-opacity\"\/>\n\n\n\n<p>Maintenant, pour ceux qui d\u00e9cident de prendre leur v\u00e9hicule pour traverser la France et descendre jusqu&rsquo;\u00e0 Altafulla, sachez qu&rsquo;il faudra vous acquitter d&rsquo;une taxe sur les v\u00e9hicules polluants (diesel seulement) si vous comptez rouler dans la ville de Barcelone le reste de votre s\u00e9jour. Petit conseil d&rsquo;amis, faites-le un mois \u00e0 l&rsquo;avance, car le traitement est assez lent, et oui, vous \u00eates encore plus au Sud ! <\/p>\n\n\n\n<p>Veuillez trouver le lien d&rsquo;un site expliquant tout et en fran\u00e7ais : <a href=\"https:\/\/les-bons-plans-de-barcelone.com\/zbe-barcelone\/\" target=\"_blank\" rel=\"noopener\" title=\"Zone Basse Emission Barcelona\"><strong><mark style=\"background-color:rgba(0, 0, 0, 0)\" class=\"has-inline-color has-ast-global-color-1-color\">Zone Basse \u00c9mission Barcelone<\/mark><\/strong><\/a><\/p>\n\n\n\n<p><strong>Attention<\/strong> lors du r\u00e9glage de vos GPS, ne pas confondre Tamarit<strong>e<\/strong> (de Litera) et <mark style=\"background-color:rgba(0, 0, 0, 0)\" class=\"has-inline-color has-ast-global-color-1-color\"><strong>Tamarit (Altafulla)<\/strong><\/mark>, le petit ch\u00e2teau de Tamarit est situ\u00e9 en bord de mer, pas dans les terres.<\/p>\n\n\n\n<p>Enfin, si vous planifiez de rester sur Barcelone, voici un site afin de r\u00e9server un parking pour votre s\u00e9jour, cela vous fera \u00e9conomiser un bon montant au final, car les v\u00e9hicules sont hyper p\u00e9nalis\u00e9s ici et les heures de parking sont en g\u00e9n\u00e9ral assez ch\u00e8res : <a href=\"https:\/\/www.onepark.fr\/\" target=\"_blank\" rel=\"noopener\" title=\"\"><strong><mark style=\"background-color:rgba(0, 0, 0, 0)\" class=\"has-inline-color has-ast-global-color-1-color\">OnePark.fr<\/mark><\/strong><\/a><\/p>\n\n\n\n<figure class=\"wp-block-image size-full is-resized\"><img loading=\"lazy\" decoding=\"async\" width=\"647\" height=\"404\" src=\"https:\/\/192.168.1.207\/wordpress\/wp-content\/uploads\/2024\/07\/louis.jpg\" alt=\"\" class=\"wp-image-764\" style=\"width:666px;height:auto\" srcset=\"https:\/\/bodbod.dscloud.biz\/wordpress\/wp-content\/uploads\/2024\/07\/louis.jpg 647w, https:\/\/bodbod.dscloud.biz\/wordpress\/wp-content\/uploads\/2024\/07\/louis-300x187.jpg 300w\" sizes=\"auto, (max-width: 647px) 100vw, 647px\" \/><\/figure>\n\n\n\n<hr class=\"wp-block-separator has-alpha-channel-opacity\"\/>\n\n\n\n<h2 class=\"wp-block-heading has-text-align-left\">Transferts Hotel &#8211; Casitllo de Tamarit et Retour<\/h2>\n\n\n\n<p>Une fois install\u00e9s dans votre logement, si vous avez besoin d&rsquo;un taxi pour vous rendre sur le lieu de l&rsquo;\u00e9v\u00e9nement, sachez que seulement deux taxis tournent sur Altafulla (pas de souci si partance de Tarragona). Par cons\u00e9quent, nous vous donnons le num\u00e9ro de la compagnie de Tarragona qui arrangera l&rsquo;envoi des taxis :<\/p>\n\n\n\n<p class=\"has-text-align-center\"><strong>+34 607 864 644<\/strong> ou <strong>0034 607 864 644<\/strong><\/p>\n\n\n\n<p>Veuillez noter qu&rsquo;une personne s&rsquo;occupera d&rsquo;appeler les taxis \u00e0 la r\u00e9ception du Castillo de Tamarit pour les retours.<\/p>\n\n\n\n<div class=\"wp-block-uagb-container uagb-block-becb3829 alignfull uagb-is-root-container\"><div class=\"uagb-container-inner-blocks-wrap\">\n<hr class=\"wp-block-separator has-alpha-channel-opacity\"\/>\n<\/div><\/div>\n","protected":false},"excerpt":{"rendered":"<p>Le Castillo de Tamarit et sa chapelle (localis\u00e9s au m\u00eame endroit) se situent dans la commune d&rsquo;Altafulla (Costa Dorada), \u00e0 75 km de Barcelone. Plusieurs solutions s&rsquo;offrent \u00e0 vous pour venir nous rejoindre sur le lieu du mariage. Pour ceux ayant choisi l&rsquo;option de prendre l&rsquo;avion, vous avez 2 solutions en fonction des lignes disponibles [&hellip;]<\/p>\n","protected":false},"author":1,"featured_media":0,"parent":0,"menu_order":2,"comment_status":"closed","ping_status":"closed","template":"","meta":{"_uag_custom_page_level_css":"","site-sidebar-layout":"default","site-content-layout":"","ast-site-content-layout":"default","site-content-style":"default","site-sidebar-style":"default","ast-global-header-display":"","ast-banner-title-visibility":"","ast-main-header-display":"","ast-hfb-above-header-display":"","ast-hfb-below-header-display":"","ast-hfb-mobile-header-display":"","site-post-title":"","ast-breadcrumbs-content":"","ast-featured-img":"","footer-sml-layout":"","theme-transparent-header-meta":"","adv-header-id-meta":"","stick-header-meta":"","header-above-stick-meta":"","header-main-stick-meta":"","header-below-stick-meta":"","astra-migrate-meta-layouts":"set","ast-page-background-enabled":"default","ast-page-background-meta":{"desktop":{"background-color":"var(--ast-global-color-4)","background-image":"","background-repeat":"repeat","background-position":"center center","background-size":"auto","background-attachment":"scroll","background-type":"","background-media":"","overlay-type":"","overlay-color":"","overlay-opacity":"","overlay-gradient":""},"tablet":{"background-color":"","background-image":"","background-repeat":"repeat","background-position":"center center","background-size":"auto","background-attachment":"scroll","background-type":"","background-media":"","overlay-type":"","overlay-color":"","overlay-opacity":"","overlay-gradient":""},"mobile":{"background-color":"","background-image":"","background-repeat":"repeat","background-position":"center center","background-size":"auto","background-attachment":"scroll","background-type":"","background-media":"","overlay-type":"","overlay-color":"","overlay-opacity":"","overlay-gradient":""}},"ast-content-background-meta":{"desktop":{"background-color":"var(--ast-global-color-5)","background-image":"","background-repeat":"repeat","background-position":"center center","background-size":"auto","background-attachment":"scroll","background-type":"","background-media":"","overlay-type":"","overlay-color":"","overlay-opacity":"","overlay-gradient":""},"tablet":{"background-color":"var(--ast-global-color-5)","background-image":"","background-repeat":"repeat","background-position":"center center","background-size":"auto","background-attachment":"scroll","background-type":"","background-media":"","overlay-type":"","overlay-color":"","overlay-opacity":"","overlay-gradient":""},"mobile":{"background-color":"var(--ast-global-color-5)","background-image":"","background-repeat":"repeat","background-position":"center center","background-size":"auto","background-attachment":"scroll","background-type":"","background-media":"","overlay-type":"","overlay-color":"","overlay-opacity":"","overlay-gradient":""}},"footnotes":""},"class_list":["post-700","page","type-page","status-publish","hentry"],"aioseo_notices":[],"uagb_featured_image_src":{"full":false,"thumbnail":false,"medium":false,"medium_large":false,"large":false,"1536x1536":false,"2048x2048":false,"menu-thumb":false},"uagb_author_info":{"display_name":"josepclave@outlook.com","author_link":"https:\/\/bodbod.dscloud.biz\/wordpress\/author\/josepclaveoutlook-com\/"},"uagb_comment_info":0,"uagb_excerpt":"Le Castillo de Tamarit et sa chapelle (localis\u00e9s au m\u00eame endroit) se situent dans la commune d&rsquo;Altafulla (Costa Dorada), \u00e0 75 km de Barcelone. Plusieurs solutions s&rsquo;offrent \u00e0 vous pour venir nous rejoindre sur le lieu du mariage. Pour ceux ayant choisi l&rsquo;option de prendre l&rsquo;avion, vous avez 2 solutions en fonction des lignes disponibles\u2026","_links":{"self":[{"href":"https:\/\/bodbod.dscloud.biz\/wordpress\/wp-json\/wp\/v2\/pages\/700","targetHints":{"allow":["GET"]}}],"collection":[{"href":"https:\/\/bodbod.dscloud.biz\/wordpress\/wp-json\/wp\/v2\/pages"}],"about":[{"href":"https:\/\/bodbod.dscloud.biz\/wordpress\/wp-json\/wp\/v2\/types\/page"}],"author":[{"embeddable":true,"href":"https:\/\/bodbod.dscloud.biz\/wordpress\/wp-json\/wp\/v2\/users\/1"}],"replies":[{"embeddable":true,"href":"https:\/\/bodbod.dscloud.biz\/wordpress\/wp-json\/wp\/v2\/comments?post=700"}],"version-history":[{"count":64,"href":"https:\/\/bodbod.dscloud.biz\/wordpress\/wp-json\/wp\/v2\/pages\/700\/revisions"}],"predecessor-version":[{"id":1142,"href":"https:\/\/bodbod.dscloud.biz\/wordpress\/wp-json\/wp\/v2\/pages\/700\/revisions\/1142"}],"wp:attachment":[{"href":"https:\/\/bodbod.dscloud.biz\/wordpress\/wp-json\/wp\/v2\/media?parent=700"}],"curies":[{"name":"wp","href":"https:\/\/api.w.org\/{rel}","templated":true}]}}